{"id":139,"date":"2015-10-22T02:06:36","date_gmt":"2015-10-22T02:06:36","guid":{"rendered":"https:\/\/incharity.inwavethemes.com\/?page_id=139"},"modified":"2022-05-12T12:31:49","modified_gmt":"2022-05-12T10:31:49","slug":"contact","status":"publish","type":"page","link":"https:\/\/www.mediscine.eu\/index.php\/contact\/","title":{"rendered":"Kontaktujte n\u00e1s"},"content":{"rendered":"<p>[vc_row el_class=&#8220;missions&#8220;][vc_column][vc_row_inner][vc_column_inner css=&#8220;.vc_custom_1451981561873{padding-top: 60px !important;padding-bottom: 15px !important;}&#8220;]<div class=\"iw-heading  font-normal style1  center-text\"><div class=\"iwh-sub-title\">MediScine<\/div><h3 class=\"iwh-title\" style=\"font-size:30px\">Kontaktn\u00e9 \u00fadaje<\/h3><\/div>[\/vc_column_inner][\/vc_row_inner][vc_row_inner][vc_column_inner width=&#8220;1\/3&#8243;]<div class=\"info-item  style8  center-text\"><div class=\"icon\"><i style=\"font-size:48px\" class=\"theme-color fa fa-home\"><\/i><\/div><div class=\"info-item-content\"><h4 class=\"theme-color info-item-title\">Adresa s\u00eddla<\/h4><div class=\"info-item-desc\">Istrijsk\u00e1 6094\/20, 841 07 Bratislava<\/div><\/div><div class=\"iw-bottom-icon\">\r\n\t\t\t\t\t\t\t\t\t<i class=\"fa fa-circle\"><\/i>\r\n\t\t\t\t\t\t\t\t\t<i class=\"fa fa-circle\"><\/i>\r\n\t\t\t\t\t\t\t\t\t<i class=\"fa fa-circle\"><\/i>\r\n\t\t\t\t\t\t\t\t<\/div><\/div>[\/vc_column_inner][vc_column_inner width=&#8220;1\/3&#8243;]<div class=\"info-item  style8  center-text\"><div class=\"icon\"><i style=\"font-size:48px\" class=\"theme-color fa fa-envelope-o\"><\/i><\/div><div class=\"info-item-content\"><h4 class=\"theme-color info-item-title\">Email<\/h4><div class=\"info-item-desc\">info (at) mediscine.eu<\/div><\/div><div class=\"iw-bottom-icon\">\r\n\t\t\t\t\t\t\t\t\t<i class=\"fa fa-circle\"><\/i>\r\n\t\t\t\t\t\t\t\t\t<i class=\"fa fa-circle\"><\/i>\r\n\t\t\t\t\t\t\t\t\t<i class=\"fa fa-circle\"><\/i>\r\n\t\t\t\t\t\t\t\t<\/div><\/div>[\/vc_column_inner][vc_column_inner width=&#8220;1\/3&#8243;]<div class=\"info-item  style8  center-text\"><div class=\"icon\"><i style=\"font-size:48px\" class=\"theme-color fa fa-phone\"><\/i><\/div><div class=\"info-item-content\"><h4 class=\"theme-color info-item-title\">Telef\u00f3n<\/h4><div class=\"info-item-desc\">+421 (0) 948 176 160<\/div><\/div><div class=\"iw-bottom-icon\">\r\n\t\t\t\t\t\t\t\t\t<i class=\"fa fa-circle\"><\/i>\r\n\t\t\t\t\t\t\t\t\t<i class=\"fa fa-circle\"><\/i>\r\n\t\t\t\t\t\t\t\t\t<i class=\"fa fa-circle\"><\/i>\r\n\t\t\t\t\t\t\t\t<\/div><\/div>[\/vc_column_inner][\/vc_row_inner][vc_row_inner][vc_column_inner css=&#8220;.vc_custom_1451981500824{padding-top: 30px !important;padding-bottom: 70px !important;}&#8220;][vc_column_text]<\/p>\n<div class=\"button1-wap\"><a class=\"button1\" href=\"#contact-form\">Po\u0161lite n\u00e1m Va\u0161u po\u017eiadavku<\/a><\/div>\n<p>[\/vc_column_text][\/vc_column_inner][\/vc_row_inner][\/vc_column][\/vc_row][vc_row iw_layout=&#8220;wide-bg&#8220; css=&#8220;.vc_custom_1457075974857{margin-bottom: 0px !important;padding-top: 60px !important;padding-bottom: 80px !important;background-color: #f9f9f9 !important;}&#8220; el_id=&#8220;contact-form&#8220;][vc_column]                    <div class=\"iw-contact iw-contact-us  default\">\n\n                        <div class=\"ajax-overlay\">\n                            <span class=\"ajax-loading\"><i class=\"fa fa-spinner fa-spin fa-2x\"><\/i><\/span>\n                        <\/div>\n                        <div class=\"headding-bottom\"><\/div>\n                        <form method=\"post\" name=\"contact-form\"  onsubmit=\"return false;\" id=\"contact-form\">\n                                                            <div class=\"title_contact_form\">Kontaktn\u00fd formul\u00e1r<\/div>\n                                                        <div class=\"row\">\n                                                                    <div class=\"form-group col-md-4 col-md-6 col-xs-12\">\n                                        <input type=\"text\" placeholder=\"Va\u0161e meno\"\n                                               required=\"required\" class=\"control\" name=\"name\">\n                                    <\/div>\n                                                                        <div class=\"form-group col-md-4 col-sm-6 col-xs-12\">\n                                        <input type=\"email\" placeholder=\"Email\"\n                                               required=\"required\" class=\"control\" name=\"email\">\n                                    <\/div>\n                                                                        <div class=\"form-group col-md-4 col-sm-12 col-xs-12\">\n                                        <input type=\"text\" placeholder=\"Predmet spr\u00e1vy\"\n                                               class=\"control\" name=\"website\">\n                                    <\/div>\n                                                                        <div class=\"form-group col-xs-12\">\n                                        <textarea placeholder=\"Spr\u00e1va\" rows=\"8\"\n                                                  class=\"control\" required=\"required\" id=\"message\" name=\"message\"><\/textarea>\n                                    <\/div>\n                                                                                                    <div class=\"form-group col-xs-12 capcha-group\">\n                                        <!--<label for=\"captcha\">Input captcha:<\/label><br \/>-->\n                                        <input required=\"required\" placeholder=\"Op\u00ed\u0161te k\u00f3d\" name=\"captcha\" value=\"\" class=\"captcha\"\/> \n                                        <label data-value=\"MOSCI\" class=\"captcha-view\">MOSCI<\/label>\n                                        <span class=\"reload-captcha\"><img src=\"http:\/\/simpleicon.com\/wp-content\/uploads\/refresh-256x256.png\" width=\"20\" height=\"20\" alt=\"\" \/><\/span>\n                                        <span class=\"reload-captcha\"><i class=\"fa fa-spin\"><\/i><\/span>\n                                    <\/div>\n                                    <style>\n                                        .iw-contact-us.default input.captcha{width: 130px;}\n                                        .iw-contact-us.default .captcha-view{background:url(\"http:\/\/4.bp.blogspot.com\/-EEMSa_GTgIo\/UpAgBQaE6-I\/AAAAAAAACUE\/jdcxZVXelzA\/s1600\/ca.png\") repeat center center scroll; color:#ff0000; font-size:18px; height:53px; line-height:50px;padding:0 30px; margin:0 15px;}\n                                        .iw-contact-us.default .capcha-group{float:none;clear:both;text-align:center;}\n                                    <\/style>\n                                                                <div class=\"form-group form-submit col-xs-12\">\n                                    <input name=\"action\" type=\"hidden\" value=\"sendMessageContact\">\n                                    <input name=\"mailto\" type=\"hidden\" value=\"\">\n\n                                    <div class=\"\">\n                                        <button class=\"btn-submit theme-bg\" name=\"submit\"\n                                                type=\"submit\">Odosla\u0165<\/button>\n                                    <\/div>\n                                    <!--                        -->                                    <!--                        <div class=\"form-group col-xs-6\">-->\n                                    <!--                            <button class=\"btn-submit btn-cancel\" name=\"submit\"-->\n                                    <!--                                    type=\"submit\">--><!--<\/button>-->\n                                    <!--                        <\/div>-->\n                                    <!--                        -->                                <\/div>\n                                <div class=\"form-group col-md-12 form-message\"><\/div>\n                            <\/div>\n                        <\/form>\n\n                    <\/div>\n                    \n                    [\/vc_column][\/vc_row]<\/p>\n","protected":false},"excerpt":{"rendered":"<p>[vc_row el_class=&#8220;missions&#8220;][vc_column][vc_row_inner][vc_column_inner css=&#8220;.vc_custom_1451981561873{padding-top: 60px !important;padding-bottom: 15px !important;}&#8220;][\/vc_column_inner][\/vc_row_inner][vc_row_inner][vc_column_inner width=&#8220;1\/3&#8243;][\/vc_column_inner][vc_column_inner width=&#8220;1\/3&#8243;][\/vc_column_inner][vc_column_inner width=&#8220;1\/3&#8243;][\/vc_column_inner][\/vc_row_inner][vc_row_inner][vc_column_inner css=&#8220;.vc_custom_1451981500824{padding-top: 30px !important;padding-bottom: 70px !important;}&#8220;][vc_column_text] Po\u0161lite n\u00e1m Va\u0161u po\u017eiadavku [\/vc_column_text][\/vc_column_inner][\/vc_row_inner][\/vc_column][\/vc_row][vc_row iw_layout=&#8220;wide-bg&#8220; css=&#8220;.vc_custom_1457075974857{margin-bottom: 0px !important;padding-top: 60px !important;padding-bottom: 80px !important;background-color: #f9f9f9 !important;}&#8220; el_id=&#8220;contact-form&#8220;][vc_column][\/vc_column][\/vc_row]<\/p>\n","protected":false},"author":1,"featured_media":0,"parent":0,"menu_order":0,"comment_status":"closed","ping_status":"closed","template":"page-templates\/home-page.php","meta":[],"yoast_head":"<!-- This site is optimized with the Yoast SEO plugin v15.6.2 - https:\/\/yoast.com\/wordpress\/plugins\/seo\/ -->\n<title>Kontaktujte n\u00e1s - MediScine<\/title>\n<meta name=\"robots\" content=\"index, follow, max-snippet:-1, max-image-preview:large, max-video-preview:-1\" \/>\n<link rel=\"canonical\" href=\"https:\/\/www.mediscine.eu\/index.php\/contact\/\" \/>\n<meta property=\"og:locale\" content=\"sk_SK\" \/>\n<meta property=\"og:type\" content=\"article\" \/>\n<meta property=\"og:title\" content=\"Kontaktujte n\u00e1s - MediScine\" \/>\n<meta property=\"og:description\" content=\"[vc_row el_class=&#8220;missions&#8220;][vc_column][vc_row_inner][vc_column_inner css=&#8220;.vc_custom_1451981561873{padding-top: 60px !important;padding-bottom: 15px !important;}&#8220;][\/vc_column_inner][\/vc_row_inner][vc_row_inner][vc_column_inner width=&#8220;1\/3&#8243;][\/vc_column_inner][vc_column_inner width=&#8220;1\/3&#8243;][\/vc_column_inner][vc_column_inner width=&#8220;1\/3&#8243;][\/vc_column_inner][\/vc_row_inner][vc_row_inner][vc_column_inner css=&#8220;.vc_custom_1451981500824{padding-top: 30px !important;padding-bottom: 70px !important;}&#8220;][vc_column_text] Po\u0161lite n\u00e1m Va\u0161u po\u017eiadavku [\/vc_column_text][\/vc_column_inner][\/vc_row_inner][\/vc_column][\/vc_row][vc_row iw_layout=&#8220;wide-bg&#8220; css=&#8220;.vc_custom_1457075974857{margin-bottom: 0px !important;padding-top: 60px !important;padding-bottom: 80px !important;background-color: #f9f9f9 !important;}&#8220; el_id=&#8220;contact-form&#8220;][vc_column][\/vc_column][\/vc_row]\" \/>\n<meta property=\"og:url\" content=\"https:\/\/www.mediscine.eu\/index.php\/contact\/\" \/>\n<meta property=\"og:site_name\" content=\"MediScine\" \/>\n<meta property=\"article:modified_time\" content=\"2022-05-12T10:31:49+00:00\" \/>\n<meta name=\"twitter:card\" content=\"summary_large_image\" \/>\n<meta name=\"twitter:label1\" content=\"Predpokladan\u00fd \u010das \u010d\u00edtania\">\n\t<meta name=\"twitter:data1\" content=\"1 min\u00fata\">\n<script type=\"application\/ld+json\" class=\"yoast-schema-graph\">{\"@context\":\"https:\/\/schema.org\",\"@graph\":[{\"@type\":\"WebSite\",\"@id\":\"https:\/\/www.mediscine.eu\/#website\",\"url\":\"https:\/\/www.mediscine.eu\/\",\"name\":\"MediScine\",\"description\":\"Vr\\u00e1\\u0165me pacientom \\u00fasmev na tv\\u00e1r\",\"potentialAction\":[{\"@type\":\"SearchAction\",\"target\":\"https:\/\/www.mediscine.eu\/?s={search_term_string}\",\"query-input\":\"required name=search_term_string\"}],\"inLanguage\":\"sk-SK\"},{\"@type\":\"WebPage\",\"@id\":\"https:\/\/www.mediscine.eu\/index.php\/contact\/#webpage\",\"url\":\"https:\/\/www.mediscine.eu\/index.php\/contact\/\",\"name\":\"Kontaktujte n\\u00e1s - MediScine\",\"isPartOf\":{\"@id\":\"https:\/\/www.mediscine.eu\/#website\"},\"datePublished\":\"2015-10-22T02:06:36+00:00\",\"dateModified\":\"2022-05-12T10:31:49+00:00\",\"inLanguage\":\"sk-SK\",\"potentialAction\":[{\"@type\":\"ReadAction\",\"target\":[\"https:\/\/www.mediscine.eu\/index.php\/contact\/\"]}]}]}<\/script>\n<!-- \/ Yoast SEO plugin. -->","_links":{"self":[{"href":"https:\/\/www.mediscine.eu\/index.php\/wp-json\/wp\/v2\/pages\/139"}],"collection":[{"href":"https:\/\/www.mediscine.eu\/index.php\/wp-json\/wp\/v2\/pages"}],"about":[{"href":"https:\/\/www.mediscine.eu\/index.php\/wp-json\/wp\/v2\/types\/page"}],"author":[{"embeddable":true,"href":"https:\/\/www.mediscine.eu\/index.php\/wp-json\/wp\/v2\/users\/1"}],"replies":[{"embeddable":true,"href":"https:\/\/www.mediscine.eu\/index.php\/wp-json\/wp\/v2\/comments?post=139"}],"version-history":[{"count":14,"href":"https:\/\/www.mediscine.eu\/index.php\/wp-json\/wp\/v2\/pages\/139\/revisions"}],"predecessor-version":[{"id":2501,"href":"https:\/\/www.mediscine.eu\/index.php\/wp-json\/wp\/v2\/pages\/139\/revisions\/2501"}],"wp:attachment":[{"href":"https:\/\/www.mediscine.eu\/index.php\/wp-json\/wp\/v2\/media?parent=139"}],"curies":[{"name":"wp","href":"https:\/\/api.w.org\/{rel}","templated":true}]}}