{"id":1513,"date":"2016-01-22T08:09:26","date_gmt":"2016-01-22T08:09:26","guid":{"rendered":"https:\/\/incharity.inwavethemes.com\/?page_id=1513"},"modified":"2021-01-20T09:47:12","modified_gmt":"2021-01-20T08:47:12","slug":"ako-podporit","status":"publish","type":"page","link":"https:\/\/www.mediscine.eu\/index.php\/ako-podporit\/","title":{"rendered":"Ako podpori\u0165"},"content":{"rendered":"<p>[vc_row el_class=&#8220;infunding-home-v6&#8243; css=&#8220;.vc_custom_1451982927872{margin-bottom: 60px !important;}&#8220;][vc_column css=&#8220;.vc_custom_1451982768648{padding-top: 54px !important;}&#8220;][vc_single_image image=&#8220;1049&#8243; img_size=&#8220;full&#8220; alignment=&#8220;center&#8220; css=&#8220;.vc_custom_1451982700869{margin-bottom: 0px !important;padding-bottom: 16px !important;}&#8220;]<div class=\"iw-heading   style1 vc_custom_1611100725577 center-text\"><h3 class=\"iwh-title\" style=\"font-size:36px\">Viete <strong>pom\u00f4c\u0165 mnoh\u00fdm<\/strong> poskytnut\u00edm <strong>mal\u00e9ho daru<\/strong><\/h3><\/div>[vc_column_text]<\/p>\n<p style=\"text-align: center;\">Na\u0161a organiz\u00e1cia je podporovan\u00e1 zo strany s\u00fakromn\u00fdch a pr\u00e1vnick\u00fdch os\u00f4b.<br \/>\nKa\u017ed\u00fa formu podpory si ve\u013emi v\u00e1\u017eime, neexistuje dar, ktor\u00fd je mal\u00fd, zanedbate\u013en\u00fd alebo nevyu\u017eite\u013en\u00fd.<\/p>\n<p>[\/vc_column_text][\/vc_column][\/vc_row][vc_row iw_layout=&#8220;wide-bg&#8220; el_class=&#8220;tab-testimonial-home6&#8243;][vc_column]<div id=\"iwt-38538\" class=\"iw-tabs  fade-slide layout3\"><div class=\"iw-tab-items\"><div class=\"iw-tab-item active\" ><div class=\"iw-tab-item-inner\"><span class=\"iw-tab-icon\"><i class=\"fa fa-heart\"><\/i><\/span><div class=\"iw-tab-title\"><span>2% z dane<\/span><\/div><div class=\"iw-tab-subtitle\">Podporte MediScine, podporte \u010dinnos\u0165 n\u00e1\u0161ho zdru\u017eenia na Slovensku. \u010eakujeme!<\/div><\/div><\/div><div class=\"iw-tab-item \" ><div class=\"iw-tab-item-inner\"><span class=\"iw-tab-icon\"><i class=\"fa fa-exchange\"><\/i><\/span><div class=\"iw-tab-title\"><span>Pe\u0148a\u017en\u00fd dar<\/span><\/div><div class=\"iw-tab-subtitle\">Bankov\u00fdm prevodom na bankov\u00fd \u00fa\u010det<\/div><\/div><\/div><div class=\"iw-tab-item \" ><div class=\"iw-tab-item-inner\"><span class=\"iw-tab-icon\"><i class=\"fa fa-asterisk\"><\/i><\/span><div class=\"iw-tab-title\"><span>Platba QR k\u00f3dom<\/span><\/div><div class=\"iw-tab-subtitle\">Platba cez smartphone<\/div><\/div><\/div><div class=\"iw-tab-item \" ><div class=\"iw-tab-item-inner\"><span class=\"iw-tab-icon\"><i class=\"fa fa-magic\"><\/i><\/span><div class=\"iw-tab-title\"><span>Platobn\u00e1 br\u00e1na<\/span><\/div><div class=\"iw-tab-subtitle\">podporte n\u00e1s cez port\u00e1l darujme.sk<\/div><\/div><\/div><\/div><div class=\"iw-tab-content\"><div class=\"iw-tab-content-inner\"><div class=\"iw-tab-item-content active \"><div class=\"iw-testimonial-item  layout2 \"><div class=\"content\"><div class=\"iw-testimonial-info\"><div class=\"testi-text-1\">Podporte n\u00e1s 2% z Va\u0161ich dan\u00ed<\/div><div class=\"testi-text-2\">N\u00e1zov: MediScine<br \/>\nAdresa: Vajansk\u00e9ho 7, 940 01 Nov\u00e9 Z\u00e1mky<br \/>\nI\u010cO: 52446751<br \/>\nPr\u00e1vna forma: Ob\u010dianske zdru\u017eenie<\/div><\/div><div class=\"testi-signature\"><\/div><div class=\"testi-name-position\"><span class=\"testi-name\"><\/span> - <span class=\"testi-client-position\">IBAN: SK26 1100 0000 0029 4107 8351<\/span><\/div><\/div><div style=\"clear: both;\"><\/div><\/div><\/div><div class=\"iw-tab-item-content next \"><div class=\"iw-testimonial-item  layout2 \"><div class=\"content\"><div class=\"iw-testimonial-info\"><div class=\"testi-text-1\">Prevodom na bankov\u00fd \u00fa\u010det MediScine<\/div><div class=\"testi-text-2\">Preto\u017ee sme dobrovo\u013en\u00edckym ob\u010dianskym zdru\u017een\u00edm, mnoh\u00e9 na\u0161e aktivity z\u00e1visia od va\u0161ej finan\u010dnej podpory. Ak budete chcie\u0165 finan\u010dne podpori\u0165 zdru\u017eenie, \u010di konkr\u00e9tne aktivity vypl\u00fdvaj\u00face z na\u0161ich stanov a manifestu, dary akejko\u013evek ve\u013ekosti je mo\u017en\u00e9 zasiela\u0165 na \u00fa\u010det zdru\u017eenia:<\/div><\/div><div class=\"testi-signature\"><\/div><div class=\"testi-name-position\"><span class=\"testi-name\">IBAN: SK26 1100 0000 0029 4107 8351<\/span> - <span class=\"testi-client-position\">Do spr\u00e1vy pre pr\u00edjemcu nap\u00ed\u0161te DAR a v pr\u00edpade potreby vystavenia darovacej zmluvy alebo in\u00e9ho potvrdenia o dare n\u00e1s kontaktujte.<\/span><\/div><\/div><div style=\"clear: both;\"><\/div><\/div><\/div><div class=\"iw-tab-item-content next \"><div class=\"iw-testimonial-item  layout2 \"><div class=\"content\"><div class=\"iw-testimonial-info\"><div class=\"testi-text-1\">Platba QR k\u00f3dom<\/div><div class=\"testi-text-2\"><\/div><\/div><div class=\"testi-signature\"><\/div><div class=\"testi-name-position\"><span class=\"testi-name\"><\/span> - <span class=\"testi-client-position\">Otvorte si aplik\u00e1ciu internet banking vo Va\u0161om telef\u00f3ne a zadajte platbu QR k\u00f3dom<\/span><\/div><\/div><div style=\"clear: both;\"><\/div><\/div>[vc_empty_space][vc_single_image image=&#8220;1986&#8243; img_size=&#8220;128&#215;150&#8243; style=&#8220;vc_box_rounded&#8220; onclick=&#8220;link_image&#8220;]<\/div><div class=\"iw-tab-item-content next \"><div class=\"iw-testimonial-item  layout2 \"><div class=\"content\"><div class=\"iw-testimonial-info\"><div class=\"testi-text-1\">Jednor\u00e1zov\u00fd alebo pravideln\u00fd dar<\/div><div class=\"testi-text-2\"><\/div><\/div><div class=\"testi-signature\"><\/div><div class=\"testi-name-position\"><span class=\"testi-name\"><\/span> - <span class=\"testi-client-position\">Podpora cez platobn\u00fa br\u00e1nu<\/span><\/div><\/div><div style=\"clear: both;\"><\/div><\/div>[vc_empty_space][vc_btn title=&#8220;Prejs\u0165 na platobn\u00fa br\u00e1nu&#8220; style=&#8220;outline&#8220; color=&#8220;danger&#8220; size=&#8220;lg&#8220; link=&#8220;url:https%3A%2F%2Fmediscine.darujme.sk%2Fmediscine-7e903-fbd3c-607e0-daeb5%2F|title:Darujme.sk|target:_blank&#8220;]<\/div><\/div><\/div><div style=\"clear:both;\"><\/div><\/div><script type=\"text\/javascript\">(function($){$(document).ready(function(){$(\"#iwt-38538\").iwTabs(\"tab\");});})(jQuery);<\/script>[\/vc_column][\/vc_row][vc_row el_class=&#8220;infunding-home-v6v2&#8243; css=&#8220;.vc_custom_1611102595884{margin-bottom: 60px !important;}&#8220; el_id=&#8220;dobrovolnici&#8220;][vc_column css=&#8220;.vc_custom_1451982768648{padding-top: 54px !important;}&#8220;][vc_single_image image=&#8220;785&#8243; img_size=&#8220;full&#8220; alignment=&#8220;center&#8220; css=&#8220;.vc_custom_1609964704494{margin-bottom: 0px !important;padding-bottom: 16px !important;}&#8220;]<div class=\"iw-heading   style1 vc_custom_1611100866162 center-text\"><h3 class=\"iwh-title\" style=\"font-size:36px\">Podajte n\u00e1m <strong> pomocn\u00fa ruku <\/strong> a stante sa <strong> dobrovo\u013en\u00edkom <\/strong><\/h3><\/div>[\/vc_column][\/vc_row][vc_row iw_layout=&#8220;wide-bg&#8220; css=&#8220;.vc_custom_1611132429520{padding-bottom: 115px !important;}&#8220; el_class=&#8220;volunteer-contact-intro2&#8243;][vc_column][vc_row_inner][vc_column_inner]<div class=\"iw-testimonial-item  layout3 vc_custom_1610233993862\"><div class=\"content\"><div class=\"testi-image\"><img src=\"https:\/\/www.mediscine.eu\/wp-content\/uploads\/2021\/01\/PF_N2466-scaled-e1610234038282-150x150.jpg\" alt=\"\"\/><\/div><div class=\"iw-testimonial-info\"><div class=\"testi-text\">\u201cDobrovo\u013en\u00edci s\u00fa neodmyslite\u013enou s\u00fa\u010das\u0165ou na\u0161ej pr\u00e1ce. Len v\u010faka nim m\u00f4\u017eeme person\u00e1lne zastre\u0161i\u0165 viacero projektov.\u201c<\/div><\/div><\/div><div style=\"clear: both;\"><\/div><\/div>[\/vc_column_inner][\/vc_row_inner][vc_column_text css=&#8220;.vc_custom_1611103508564{padding-bottom: 70px !important;}&#8220;]<a class=\"become-volunteer-button\" href=\"https:\/\/www.mediscine.eu\/index.php\/contact\/#contact-form\">Sta\u0148te sa na\u0161im dobrovo\u013en\u00edkom <i class=\"fa fa-arrow-right\"><\/i><\/a>[\/vc_column_text][\/vc_column][\/vc_row][vc_row iw_layout=&#8220;wide-bg&#8220;][vc_column][\/vc_column][\/vc_row][vc_row iw_layout=&#8220;wide-bg&#8220; el_class=&#8220;theme-bg&#8220; css=&#8220;.vc_custom_1452050615481{margin-bottom: 0px !important;}&#8220;][vc_column]<div class=\"iw-mailchimp-form  style4\"><form class=\"iw-email-notifications\" action=\"https:\/\/mediscine.us7.list-manage.com\/subscribe\/post?u=08a775b9e37e8790cc5818a69&amp;id=5a43f9a8f0\" data-response=\"{&quot;submit&quot;:&quot;Submitting...&quot;,&quot;0&quot;:&quot;We have sent you a confirmation email&quot;,&quot;1&quot;:&quot;Please enter a value&quot;,&quot;2&quot;:&quot;An email address must contain a single @&quot;,&quot;3&quot;:&quot;The domain portion of the email address is invalid (the portion after the @: )&quot;,&quot;4&quot;:&quot;The username portion of the email address is invalid (the portion before the @: )&quot;,&quot;5&quot;:&quot;This email address looks fake or invalid. Please enter a real email address&quot;}\"><div class=\"ajax-overlay\"><span class=\"ajax-loading\"><i class=\"fa fa-spinner fa-spin fa-2x\"><\/i><\/span><\/div><div class=\"row\"><div class=\"col-md-4 col-sm-6 col-xs-12\"><div class=\"malchimp-intro\"><h3><strong>NEWSLETTER<\/strong> Prihl\u00e1senie<\/h3><div class=\"malchimp-desc\">Uve\u010fte V\u00e1\u0161 email a z\u00edskajte pr\u00edstup ku v\u0161etk\u00fdm novink\u00e1m<\/div><\/div><\/div><div class=\"col-md-8 col-sm-6 col-xs-12\"><div class=\"malchimp-input\"><input class=\"mc-name\" type=\"text\" placeholder=\"Meno\"><input class=\"mc-email\" type=\"email\" placeholder=\"Email\"><button class=\"mc-submit-button\" type=\"submit\">Potvrdi\u0165<\/button><\/div><\/div><\/div><div class=\"response\"><label><\/label><\/div><\/form><\/div>[\/vc_column][\/vc_row]<\/p>\n","protected":false},"excerpt":{"rendered":"<p>[vc_row el_class=&#8220;infunding-home-v6&#8243; css=&#8220;.vc_custom_1451982927872{margin-bottom: 60px !important;}&#8220;][vc_column css=&#8220;.vc_custom_1451982768648{padding-top: 54px !important;}&#8220;][vc_single_image image=&#8220;1049&#8243; img_size=&#8220;full&#8220; alignment=&#8220;center&#8220; css=&#8220;.vc_custom_1451982700869{margin-bottom: 0px !important;padding-bottom: 16px !important;}&#8220;][vc_column_text] Na\u0161a organiz\u00e1cia je podporovan\u00e1 zo strany s\u00fakromn\u00fdch a pr\u00e1vnick\u00fdch os\u00f4b. Ka\u017ed\u00fa formu podpory si ve\u013emi v\u00e1\u017eime, neexistuje dar, ktor\u00fd je mal\u00fd, zanedbate\u013en\u00fd alebo nevyu\u017eite\u013en\u00fd. [\/vc_column_text][\/vc_column][\/vc_row][vc_row iw_layout=&#8220;wide-bg&#8220; el_class=&#8220;tab-testimonial-home6&#8243;][vc_column][\/vc_column][\/vc_row][vc_row el_class=&#8220;infunding-home-v6v2&#8243; css=&#8220;.vc_custom_1611102595884{margin-bottom: 60px !important;}&#8220; el_id=&#8220;dobrovolnici&#8220;][vc_column css=&#8220;.vc_custom_1451982768648{padding-top: 54px !important;}&#8220;][vc_single_image image=&#8220;785&#8243; img_size=&#8220;full&#8220; alignment=&#8220;center&#8220; css=&#8220;.vc_custom_1609964704494{margin-bottom: [&hellip;]<\/p>\n","protected":false},"author":1,"featured_media":0,"parent":0,"menu_order":0,"comment_status":"closed","ping_status":"closed","template":"page-templates\/home-page.php","meta":[],"yoast_head":"<!-- This site is optimized with the Yoast SEO plugin v15.6.2 - https:\/\/yoast.com\/wordpress\/plugins\/seo\/ -->\n<title>Ako podpori\u0165 - MediScine<\/title>\n<meta name=\"robots\" content=\"index, follow, max-snippet:-1, max-image-preview:large, max-video-preview:-1\" \/>\n<link rel=\"canonical\" href=\"https:\/\/www.mediscine.eu\/index.php\/ako-podporit\/\" \/>\n<meta property=\"og:locale\" content=\"sk_SK\" \/>\n<meta property=\"og:type\" content=\"article\" \/>\n<meta property=\"og:title\" content=\"Ako podpori\u0165 - MediScine\" \/>\n<meta property=\"og:description\" content=\"[vc_row el_class=&#8220;infunding-home-v6&#8243; css=&#8220;.vc_custom_1451982927872{margin-bottom: 60px !important;}&#8220;][vc_column css=&#8220;.vc_custom_1451982768648{padding-top: 54px !important;}&#8220;][vc_single_image image=&#8220;1049&#8243; img_size=&#8220;full&#8220; alignment=&#8220;center&#8220; css=&#8220;.vc_custom_1451982700869{margin-bottom: 0px !important;padding-bottom: 16px !important;}&#8220;][vc_column_text] Na\u0161a organiz\u00e1cia je podporovan\u00e1 zo strany s\u00fakromn\u00fdch a pr\u00e1vnick\u00fdch os\u00f4b. Ka\u017ed\u00fa formu podpory si ve\u013emi v\u00e1\u017eime, neexistuje dar, ktor\u00fd je mal\u00fd, zanedbate\u013en\u00fd alebo nevyu\u017eite\u013en\u00fd. [\/vc_column_text][\/vc_column][\/vc_row][vc_row iw_layout=&#8220;wide-bg&#8220; el_class=&#8220;tab-testimonial-home6&#8243;][vc_column][\/vc_column][\/vc_row][vc_row el_class=&#8220;infunding-home-v6v2&#8243; css=&#8220;.vc_custom_1611102595884{margin-bottom: 60px !important;}&#8220; el_id=&#8220;dobrovolnici&#8220;][vc_column css=&#8220;.vc_custom_1451982768648{padding-top: 54px !important;}&#8220;][vc_single_image image=&#8220;785&#8243; img_size=&#8220;full&#8220; alignment=&#8220;center&#8220; css=&#8220;.vc_custom_1609964704494{margin-bottom: [&hellip;]\" \/>\n<meta property=\"og:url\" content=\"https:\/\/www.mediscine.eu\/index.php\/ako-podporit\/\" \/>\n<meta property=\"og:site_name\" content=\"MediScine\" \/>\n<meta property=\"article:modified_time\" content=\"2021-01-20T08:47:12+00:00\" \/>\n<meta name=\"twitter:card\" content=\"summary_large_image\" \/>\n<meta name=\"twitter:label1\" content=\"Predpokladan\u00fd \u010das \u010d\u00edtania\">\n\t<meta name=\"twitter:data1\" content=\"4 min\u00faty\">\n<script type=\"application\/ld+json\" class=\"yoast-schema-graph\">{\"@context\":\"https:\/\/schema.org\",\"@graph\":[{\"@type\":\"WebSite\",\"@id\":\"https:\/\/www.mediscine.eu\/#website\",\"url\":\"https:\/\/www.mediscine.eu\/\",\"name\":\"MediScine\",\"description\":\"Vr\\u00e1\\u0165me pacientom \\u00fasmev na tv\\u00e1r\",\"potentialAction\":[{\"@type\":\"SearchAction\",\"target\":\"https:\/\/www.mediscine.eu\/?s={search_term_string}\",\"query-input\":\"required name=search_term_string\"}],\"inLanguage\":\"sk-SK\"},{\"@type\":\"WebPage\",\"@id\":\"https:\/\/www.mediscine.eu\/index.php\/ako-podporit\/#webpage\",\"url\":\"https:\/\/www.mediscine.eu\/index.php\/ako-podporit\/\",\"name\":\"Ako podpori\\u0165 - MediScine\",\"isPartOf\":{\"@id\":\"https:\/\/www.mediscine.eu\/#website\"},\"datePublished\":\"2016-01-22T08:09:26+00:00\",\"dateModified\":\"2021-01-20T08:47:12+00:00\",\"inLanguage\":\"sk-SK\",\"potentialAction\":[{\"@type\":\"ReadAction\",\"target\":[\"https:\/\/www.mediscine.eu\/index.php\/ako-podporit\/\"]}]}]}<\/script>\n<!-- \/ Yoast SEO plugin. -->","_links":{"self":[{"href":"https:\/\/www.mediscine.eu\/index.php\/wp-json\/wp\/v2\/pages\/1513"}],"collection":[{"href":"https:\/\/www.mediscine.eu\/index.php\/wp-json\/wp\/v2\/pages"}],"about":[{"href":"https:\/\/www.mediscine.eu\/index.php\/wp-json\/wp\/v2\/types\/page"}],"author":[{"embeddable":true,"href":"https:\/\/www.mediscine.eu\/index.php\/wp-json\/wp\/v2\/users\/1"}],"replies":[{"embeddable":true,"href":"https:\/\/www.mediscine.eu\/index.php\/wp-json\/wp\/v2\/comments?post=1513"}],"version-history":[{"count":119,"href":"https:\/\/www.mediscine.eu\/index.php\/wp-json\/wp\/v2\/pages\/1513\/revisions"}],"predecessor-version":[{"id":2471,"href":"https:\/\/www.mediscine.eu\/index.php\/wp-json\/wp\/v2\/pages\/1513\/revisions\/2471"}],"wp:attachment":[{"href":"https:\/\/www.mediscine.eu\/index.php\/wp-json\/wp\/v2\/media?parent=1513"}],"curies":[{"name":"wp","href":"https:\/\/api.w.org\/{rel}","templated":true}]}}